{"id":2,"date":"2010-01-22T07:04:14","date_gmt":"2010-01-22T07:04:14","guid":{"rendered":"http:\/\/localhost\/lecarrefourdesopinions.ca\/site\/?page_id=2"},"modified":"2023-01-22T10:44:44","modified_gmt":"2023-01-22T15:44:44","slug":"about","status":"publish","type":"page","link":"http:\/\/www.lecarrefourdesopinions.ca\/?page_id=2","title":{"rendered":"Profil"},"content":{"rendered":"<p>&nbsp;<\/p>\n<h3 style=\"text-align: justify;\"><span style=\"color: #000000;\"><strong>Le Magazine <\/strong><em><strong>Le Carrefour Des Opinions<\/strong><\/em> est une tribune consacr\u00e9e \u00e0 des \u00e9changes sur des sujets les plus vari\u00e9s concernant les soci\u00e9t\u00e9s qu\u00e9b\u00e9coise et canadienne.<\/span><\/h3>\n<p><span style=\"color: #000000;\">\u00a0<\/span><\/p>\n<h3 style=\"text-align: justify;\"><span style=\"color: #000000;\">Nous offrons l&rsquo;espace aux diff\u00e9rents courants de pens\u00e9e sans discrimination aucune, pourvu que les opinions soient pr\u00e9sent\u00e9es de fa\u00e7on analytique et respectueuse.<\/span><\/h3>\n<p><span style=\"color: #000000;\">\u00a0<\/span><\/p>\n<h3><span style=\"color: #000000;\"><strong>Z\u00e9non Mazur<\/strong>,<br \/>\n<em>Directeur g\u00e9n\u00e9ral de Carrefour<\/em><\/span><\/h3>\n<p>&nbsp;<\/p>\n<p>&nbsp;<\/p>\n<p>&nbsp;<\/p>\n<p>&nbsp;<\/p>\n<p>&nbsp;<\/p>\n<p>&nbsp;<\/p>\n<h3><span style=\"text-decoration: underline;\"><strong> <span style=\"color: #000000;\">Le Conseil d\u2019Administration\u00a0: <\/span><\/strong><\/span><\/h3>\n<h3>M. Z\u00e9non Mazur: membre<\/h3>\n<h3>Me Serge H. Mo\u00efse: membre<\/h3>\n<p><strong>Mme Agn\u00e8s Devarieux<\/strong><\/p>\n<p><img loading=\"lazy\" decoding=\"async\" class=\"aligncenter size-medium wp-image-12107\" title=\"CA Carrefour\" src=\"http:\/\/www.lecarrefourdesopinions.ca\/wp-content\/uploads\/2010\/01\/CA-Carrefour-300x250.jpg\" alt=\"\" width=\"300\" height=\"250\" srcset=\"http:\/\/www.lecarrefourdesopinions.ca\/wp-content\/uploads\/2010\/01\/CA-Carrefour-300x250.jpg 300w, http:\/\/www.lecarrefourdesopinions.ca\/wp-content\/uploads\/2010\/01\/CA-Carrefour-400x334.jpg 400w, http:\/\/www.lecarrefourdesopinions.ca\/wp-content\/uploads\/2010\/01\/CA-Carrefour.jpg 479w\" sizes=\"auto, (max-width: 300px) 100vw, 300px\" \/><\/p>\n<h3><strong>\u00a0<\/strong><\/h3>\n<h3><span style=\"text-decoration: underline;\"><span style=\"color: #000000;\"><strong>Le comit\u00e9 de r\u00e9daction:<\/strong><\/span><\/span><\/h3>\n<h3><span style=\"color: #000000;\"> M. Christian Martin<\/span><\/h3>\n<h3><span style=\"color: #000000;\">M. Z\u00e9non Mazur\u00a0<\/span><\/h3>\n<h3><span style=\"color: #000000;\">Me Serge Mo\u00efse<\/span><\/h3>\n<p><span style=\"color: #ffffff;\">.<\/span><\/p>\n<p><span style=\"color: #ffffff;\">.<\/span><\/p>\n<p>&nbsp;<\/p>\n<h3><strong>Nos collaborateurs:<\/strong><\/h3>\n<p><img loading=\"lazy\" decoding=\"async\" class=\"aligncenter size-full wp-image-9541\" title=\"Galerie des collaborateurs 01JPG\" src=\"http:\/\/www.lecarrefourdesopinions.ca\/wp-content\/uploads\/2010\/01\/Galerie-des-collaborateurs-01JPG1.jpg\" alt=\"\" width=\"400\" height=\"1100\" srcset=\"http:\/\/www.lecarrefourdesopinions.ca\/wp-content\/uploads\/2010\/01\/Galerie-des-collaborateurs-01JPG1.jpg 400w, http:\/\/www.lecarrefourdesopinions.ca\/wp-content\/uploads\/2010\/01\/Galerie-des-collaborateurs-01JPG1-109x300.jpg 109w, http:\/\/www.lecarrefourdesopinions.ca\/wp-content\/uploads\/2010\/01\/Galerie-des-collaborateurs-01JPG1-372x1024.jpg 372w\" sizes=\"auto, (max-width: 400px) 100vw, 400px\" \/><\/p>\n<p>&nbsp;<\/p>\n<p>&nbsp;<\/p>\n<h3><strong>\u00a0<\/strong><\/h3>\n<h2><\/h2>\n<p>&nbsp;<\/p>\n<p><strong>\u00a0<\/strong><\/p>\n<script type=\"text\/javascript\">\n\nvar addthis_config = {\"data_track_clickback\":false,\"data_track_addressbar\":false,\"data_track_textcopy\":false};\n<\/script><script type=\"text\/javascript\" src=\"\/\/s7.addthis.com\/js\/250\/addthis_widget.js#pubid=a457a6d63fb9e6ccabdde4110343bd85\"><\/script>","protected":false},"excerpt":{"rendered":"<p>&nbsp;<\/p>\n<p><span style=\"color: #000000;\">Le Magazine Le Carrefour Des Opinions est une tribune consacr\u00e9e \u00e0 des \u00e9changes sur des sujets les plus vari\u00e9s concernant les soci\u00e9t\u00e9s qu\u00e9b\u00e9coise et canadienne.<\/span><\/p>\n<p><span style=\"color: #000000;\">\u00a0<\/span><\/p>\n<p><span style=\"color: #000000;\">Nous offrons l&rsquo;espace aux diff\u00e9rents courants de pens\u00e9e sans discrimination aucune, &hellip;<\/span><\/p>\n","protected":false},"author":1,"featured_media":0,"parent":0,"menu_order":0,"comment_status":"open","ping_status":"open","template":"","meta":{"footnotes":""},"class_list":["post-2","page","type-page","status-publish","hentry"],"_links":{"self":[{"href":"http:\/\/www.lecarrefourdesopinions.ca\/index.php?rest_route=\/wp\/v2\/pages\/2","targetHints":{"allow":["GET"]}}],"collection":[{"href":"http:\/\/www.lecarrefourdesopinions.ca\/index.php?rest_route=\/wp\/v2\/pages"}],"about":[{"href":"http:\/\/www.lecarrefourdesopinions.ca\/index.php?rest_route=\/wp\/v2\/types\/page"}],"author":[{"embeddable":true,"href":"http:\/\/www.lecarrefourdesopinions.ca\/index.php?rest_route=\/wp\/v2\/users\/1"}],"replies":[{"embeddable":true,"href":"http:\/\/www.lecarrefourdesopinions.ca\/index.php?rest_route=%2Fwp%2Fv2%2Fcomments&post=2"}],"version-history":[{"count":10,"href":"http:\/\/www.lecarrefourdesopinions.ca\/index.php?rest_route=\/wp\/v2\/pages\/2\/revisions"}],"predecessor-version":[{"id":16694,"href":"http:\/\/www.lecarrefourdesopinions.ca\/index.php?rest_route=\/wp\/v2\/pages\/2\/revisions\/16694"}],"wp:attachment":[{"href":"http:\/\/www.lecarrefourdesopinions.ca\/index.php?rest_route=%2Fwp%2Fv2%2Fmedia&parent=2"}],"curies":[{"name":"wp","href":"https:\/\/api.w.org\/{rel}","templated":true}]}}